{"id":133,"date":"2021-07-18T23:41:06","date_gmt":"2021-07-18T21:41:06","guid":{"rendered":"http:\/\/commercials.jake-vision.pl\/?page_id=133"},"modified":"2023-03-14T23:03:04","modified_gmt":"2023-03-14T22:03:04","slug":"o-nas","status":"publish","type":"page","link":"https:\/\/commercials.jake-vision.pl\/pl_PL\/o-nas\/","title":{"rendered":"O Nas"},"content":{"rendered":"\n<div class=\"co-robimy-box left-box\">\n                        \n                        <div class=\"row\">\n                            <div class=\"col-md-12\">                      \n                                <div class=\"text\">\n                                    <p class=\"big-p\">\n                                    Z rado\u015bci\u0105 mierzymy si\u0119 z najbardziej skomplikowanymi projektami.<br \/>\nPo prostu umiemy produkowa\u0107. I lubimy.<br \/>\n                                \n                                        \n<b>Jake Vision Commercials<\/b> to dom produkcyjny, kt\u00f3ry podejmie si\u0119 pracy przy filmach\nreklamowych, produktowych, korporacyjnych, sesjach zdj\u0119ciowych, branded content czy\nreporta\u017cach.\n                                    <\/p>\n                                <\/div>\n                            <\/div>\n                            <div class=\"clear\"><\/div>\n                        <\/div>\n                    \n                        <p class=\"sub-p\"> Produkujemy<\/p>\n                        <div class=\"row\">\n                            <div class=\"col-md-12\">                      \n                            \n                                   <ul>\n    <li><i class=\"fas fa-video\"><\/i> Spoty reklamowe<\/li>\n    <li><i class=\"fas fa-video\"><\/i> Reporta\u017ce <\/li>\n    <li><i class=\"fas fa-video\"><\/i> Video prezentacje<\/li>\n    <li><i class=\"fas fa-video\"><\/i> Video wizyt\u00f3wki<\/li>\n    <li><i class=\"fas fa-video\"><\/i> Filmy produktowe <\/li>\n    <li><i class=\"fas fa-video\"><\/i> Filmy<\/li>\n    <li><i class=\"fas fa-video\"><\/i> Making of <\/li>\n    <li><i class=\"fas fa-video\"><\/i> Filmy produktowe <\/li>\n    <li><i class=\"fas fa-video\"><\/i> Sesje foto <\/li>\n    <li><i class=\"fas fa-video\"><\/i> Animacje 2D i 3D<\/li>\n<\/ul>\n                               \n                            <\/div>\n                            <div class=\"clear\"><\/div>\n                        <\/div>\n\n\n                        <div class=\"row\">\n                            <div class=\"col-md-12\">                      \n                                <div class=\"text\">\n                                    <p class=\"big-p\">\n                                    Z reklamowaniem produkt\u00f3w <span>Jake Vision<\/span> tak naprawd\u0119 ma do\u015bwiadczenie od dekad. Jako\njeden z pionier\u00f3w kulinarnych program\u00f3w telewizyjnych w Polsce (to my stworzyli\u015bmy\nlegendarny \u201ePascal: Po prostu gotuj\u201d) pomagali\u015bmy w dotarciu do widz\u00f3w wielu firmom i\nsponsorom. \n                                    <\/p>\n\n                                    <p class=\"small-p\">\n                                  <span> Pomagali\u015bmy w lokowaniu produkt\u00f3w w ramach program\u00f3w, kt\u00f3re\nprodukowali\u015bmy dla wielu stacji (m.in. nagradzane lokowanie par\u00f3wek \u201eBerlinki\u201d w show\n\u201eMust be the Music\u201d) oraz przygotowywali\u015bmy dla nich programy dedykowane.<\/span>\n                                    <\/p>\n<ul>\n    <li><i class=\"fas fa-video\"><\/i> <span>\u201eKulinarny \u015bwiat wg Knorr\u201d<\/span> (z Pascalem Brodnickim)<\/li>\n    <li><i class=\"fas fa-video\"><\/i> <span>\u201eTajemniczy sk\u0142adnik\u201d<\/span> (z Joann\u0105 Koroniewsk\u0105)<\/li>\n    <li><i class=\"fas fa-video\"><\/i> <span>\u201eDoradca smaku\u201d<\/span> (serie z Michelem Moranem, Robertem Sow\u0105, Andrzejem Polanem)<\/li>\n<\/ul>\n\n<img decoding=\"async\" src=\"http:\/\/commercials.jake-vision.pl\/wp-content\/uploads\/2022\/01\/doradca-smaku.jpg\" class=\"article-img\"\/>\n\n<p class=\"small-p\">\nNasi dotychczasowi klienci i partnerzy to m.in. takie marki: By\u0142y to m.in.: takie marki jak Prymat, Knorr, Rama, Electrolux, Silit, Ambition, Kitchen Aid, \u0141aciate, Animex, Tymbark, Plush, Modivo czy\neobuwie.\n<\/p><br \/>\n<!--\n<div class=\"logos-wrap\">\n<img decoding=\"async\" src=\"http:\/\/commercials.jake-vision.pl\/wp-content\/uploads\/2022\/01\/prymat.png\"\/>\n<img decoding=\"async\" src=\"http:\/\/commercials.jake-vision.pl\/wp-content\/uploads\/2022\/01\/knorr.png\"\/>\n<img decoding=\"async\" src=\"http:\/\/commercials.jake-vision.pl\/wp-content\/uploads\/2022\/01\/rama.png\"\/>\n<img decoding=\"async\" src=\"http:\/\/commercials.jake-vision.pl\/wp-content\/uploads\/2022\/01\/electrolux.png\"\/>\n<img decoding=\"async\" src=\"http:\/\/commercials.jake-vision.pl\/wp-content\/uploads\/2022\/01\/silit.png\"\/>\n<img decoding=\"async\" src=\"http:\/\/commercials.jake-vision.pl\/wp-content\/uploads\/2022\/01\/ambition.png\"\/>\n<img decoding=\"async\" src=\"http:\/\/commercials.jake-vision.pl\/wp-content\/uploads\/2022\/01\/ambition.png\"\/>\n<img decoding=\"async\" src=\"http:\/\/commercials.jake-vision.pl\/wp-content\/uploads\/2022\/01\/kitchen-aid.png\"\/>\n<img decoding=\"async\" src=\"http:\/\/commercials.jake-vision.pl\/wp-content\/uploads\/2022\/01\/laciate.png\"\/>\n<img decoding=\"async\" src=\"http:\/\/commercials.jake-vision.pl\/wp-content\/uploads\/2022\/01\/animex.png\"\/>\n<img decoding=\"async\" src=\"http:\/\/commercials.jake-vision.pl\/wp-content\/uploads\/2022\/01\/tymbark.png\"\/>\n<img decoding=\"async\" src=\"http:\/\/commercials.jake-vision.pl\/wp-content\/uploads\/2022\/01\/plush.png\"\/>\n<img decoding=\"async\" src=\"http:\/\/commercials.jake-vision.pl\/wp-content\/uploads\/2022\/01\/eobuwie.png\"\/>\n\n<\/div>\n-->\n\n\n\n<p class=\"small-p\">\n<span>I jeszcze mo\u017ce kilka prostych fakt\u00f3w dla w\u0142a\u015bciwej perspektywy, nie \u017ceby\u015bmy si\u0119\nprzechwalali, ale\u2026 No dobra, troch\u0119 si\u0119 przechwalamy. Bo jest czym. Ot, na przyk\u0142ad:<\/span>\n<\/p>\n\n<ul>\n    <li>\n    <i class=\"fas fa-video\"><\/i> Potrafimy tworzy\u0107 najpopularniejsze programy w telewizji.\n    Kilka tytu\u0142\u00f3w wyprodukowanych przez Jake Vision, kt\u00f3re by\u0142y liderem ogl\u0105dalno\u015bci w\n    grupie komercyjnej &#8211; <span>\u201eMilionerzy\u201d<\/span>, <span>\u201eTop Chef&#8221;<\/span>, <span>\u201eTajemnica zawodowa\u201d<\/span>, <span>\u201eLove Island. Wyspa mi\u0142o\u015bci\u201d<\/span>\n    <\/li>\n\n    <li>\n    <i class=\"fas fa-video\"><\/i> Wiemy jak b\u0142yskawicznie kr\u0119ci\u0107 i przygotowywa\u0107 do emisji skomplikowane produkcje,\n    kt\u00f3re widzowie chc\u0105 ogl\u0105da\u0107. I wraca\u0107 do nich co sezon.\n    Produkowany przez Jake Vision <span>\u201eLove Island. Wyspa mi\u0142o\u015bci\u201d<\/span> (2 kolejne sezony w 2022 r.)\n    kr\u0119cony, montowany i przygotowywany do emisji na bie\u017c\u0105co w Hiszpanii, no i emitowany\n    przez Polsat sze\u015b\u0107 wieczor\u00f3w w tygodniu zwykle jest liderem w grupie komercyjnej.\n    Uparcie.\n<img decoding=\"async\" src=\"http:\/\/commercials.jake-vision.pl\/wp-content\/uploads\/2022\/01\/loveisland.jpg\" class=\"article-img\"\/>\n    <\/li>\n\n    <li>\n    <i class=\"fas fa-video\"><\/i> Wiemy jak produkowa\u0107 by widz chcia\u0142 ogl\u0105da\u0107, a stacja mog\u0142a przy tym zamieszcza\u0107\n    reklamy. Wed\u0142ug raportu Wirtualnych Medi\u00f3w wp\u0142ywy reklamowe z czwartego sezonu <span>\u201eLove Island.\n    Wyspa Mi\u0142o\u015bci\u201d<\/span> dla Polsatu wynios\u0142y 86,01 miliona.\n    <\/li>\n    <li>\n    <i class=\"fas fa-video\"><\/i> Nie boimy si\u0119. Po prostu. Je\u015bli szukacie odwa\u017cnej ekipy, kt\u00f3ra stanie naprzeciwko\n    wyzwa\u0144 to my (producenci <span>\u201eMagii nago\u015bci\u201d<\/span>, <span>\u201ePrince Charming\u201d<\/span>, ale i <span>\u201eNinja Warrior<\/span>\n    Polska\u201d). Je\u015bli szukacie odwa\u017cnej ekipy, kt\u00f3ra zmierzy si\u0119 z jako\u015bci\u0105 premium to my\n    (seriale <span>\u201eMotyw\u201d<\/span>, <span>&#8222;Tajemnica zawodowa\u201d<\/span>, <span>\u201eThe Office.pl\u201d<\/span>). Je\u015bli szukacie nowych tw\u00f3rc\u00f3w\n    swoich reklam to my.\n    <\/li>\n<\/ul>\n\n\n                                <\/div>\n                            <\/div>\n                            <div class=\"clear\"><\/div>\n                        <\/div>\n                    <\/div>\n\n\n\n<p><\/p>\n","protected":false},"excerpt":{"rendered":"<p><!-- wp:html --><\/p>\n<div class=\"co-robimy-box left-box\">\n<div class=\"row\">\n<div class=\"col-md-12\">\n<div class=\"text\">\n    &#8230;<\/p>\n","protected":false},"author":1,"featured_media":0,"parent":0,"menu_order":0,"comment_status":"closed","ping_status":"closed","template":"co-robimy.php","meta":{"footnotes":""},"class_list":["post-133","page","type-page","status-publish","hentry"],"_links":{"self":[{"href":"https:\/\/commercials.jake-vision.pl\/pl_PL\/wp-json\/wp\/v2\/pages\/133","targetHints":{"allow":["GET"]}}],"collection":[{"href":"https:\/\/commercials.jake-vision.pl\/pl_PL\/wp-json\/wp\/v2\/pages"}],"about":[{"href":"https:\/\/commercials.jake-vision.pl\/pl_PL\/wp-json\/wp\/v2\/types\/page"}],"author":[{"embeddable":true,"href":"https:\/\/commercials.jake-vision.pl\/pl_PL\/wp-json\/wp\/v2\/users\/1"}],"replies":[{"embeddable":true,"href":"https:\/\/commercials.jake-vision.pl\/pl_PL\/wp-json\/wp\/v2\/comments?post=133"}],"version-history":[{"count":19,"href":"https:\/\/commercials.jake-vision.pl\/pl_PL\/wp-json\/wp\/v2\/pages\/133\/revisions"}],"predecessor-version":[{"id":719,"href":"https:\/\/commercials.jake-vision.pl\/pl_PL\/wp-json\/wp\/v2\/pages\/133\/revisions\/719"}],"wp:attachment":[{"href":"https:\/\/commercials.jake-vision.pl\/pl_PL\/wp-json\/wp\/v2\/media?parent=133"}],"curies":[{"name":"wp","href":"https:\/\/api.w.org\/{rel}","templated":true}]}}